{"id":2590,"date":"2021-05-24T10:18:55","date_gmt":"2021-05-24T08:18:55","guid":{"rendered":"https:\/\/www.galerie-chevalier.com\/mentions-legales\/"},"modified":"2025-06-10T15:23:25","modified_gmt":"2025-06-10T13:23:25","slug":"mentions-legales","status":"publish","type":"page","link":"https:\/\/www.galerie-chevalier.com\/en\/mentions-legales\/","title":{"rendered":"Mentions l\u00e9gales"},"content":{"rendered":"<p><strong>Company name<\/strong> :\u00a0 Galerie Chevalier SARL<\/p>\n<p><strong>Legal form<\/strong> : SARL<\/p>\n<p><b>Share capital<\/b>: 596 133.25 euros<\/p>\n<p><strong>SIREN<\/strong> :490755873<\/p>\n<p><strong>Responsible<\/strong> : Dominique Chevalier, manager<\/p>\n<p>&nbsp;<\/p>\n<p>In accordance with the law n\u00b02004-575 of June 21st 2004 for the confidence in the digital economy, we inform you that the website www.galerie-chevalier.com is the property of Galerie Chevalier.<\/p>\n<p>The website www.galerie-chevalier.com was designed by the company Adveris.<\/p>\n<p>The website www.galerie-chevalier.com is hosted by OVH, whose head office is located at 2 rue Kellermann &#8211; 59100 Roubaix &#8211; France.\u00a0<\/p>\n<p>The site www.galerie-chevalier.com is governed by French law; visitors accessing the site from abroad must ensure compliance with locally applicable laws.\u00a0<\/p>\n<p>As the legal notices may be modified at any time and without prior notice, we encourage you to consult them regularly.<\/p>\n<p>&nbsp;<\/p>\n<p><span style=\"font-size: 18pt;\"><strong>Intellectual property<\/strong><\/span><\/p>\n<p>Galerie Chevalier holds, reserves and retains all property rights, especially intellectual property rights, including reproduction rights on this site and the elements it contains. Consequently, any partial or total reproduction of the present site and the elements it contains is strictly forbidden without written authorization from Galerie Chevalier.\u00a0<\/p>\n<p>The logos and all other distinctive signs contained on this site are the property of Galerie Chevalier or are subject to an authorization of use. No right or license can be granted on any of these elements without the written authorization of Galerie Chevalier or the third party owner of the rights.<\/p>\n<h2>\u00a0<\/h2>\n<p><span style=\"font-size: 18pt;\"><strong>Exclusion of warranty and liability<\/strong><\/span><\/p>\n<p>The user of the website &#8220;www.galerie-chevalier.com&#8221; acknowledges having read the present conditions of use of the site and agrees to respect them.\u00a0<\/p>\n<p>Galerie Chevalier cannot be held responsible for any direct or indirect damage that may result from accessing or using the site and\/or this information, including inaccessibility, loss of data, deterioration, destruction or viruses that may affect the user&#8217;s computer equipment and\/or the presence of viruses on its site.\u00a0<\/p>\n<p>Although Galerie Chevalier makes every effort to provide reliable content on its site, it does not guarantee that its content is free of inaccuracies or omissions and cannot be held responsible for errors or omissions, or for the lack of availability of information and services. Galerie Chevalier reserves the right to make improvements and\/or modifications to the content of its site at any time and without prior notice. Consequently, the user acknowledges that he\/she is solely responsible for the use of the information provided.<\/p>\n<p>&nbsp;<\/p>\n<p>&nbsp;<\/p>\n<p><span style=\"font-size: 18pt;\"><strong>Privacy &#8211; Protection of personal data<\/strong><\/span><\/p>\n<p>Galerie Chevalier has appointed a Data Protection Officer (DPO) in order to preserve your privacy and the protection of your personal data in compliance with the regulations in force. The role of the DPO is defined by the General Data Protection Regulation, which completes the provisions of the French Data Protection Act of 06\/01\/1978 and its application decree of 20\/10\/2005.<\/p>\n<p>Concerning the information of a personal nature that you would have to communicate to us, you have the right to access, modify, rectify and\/or delete it in accordance with the law relating to the protection of individuals with regard to the processing of personal data n\u00b02004-801 of August 6, 2004. To exercise this right, please send a message to<\/p>\n<p>&nbsp;<\/p>\n<p>\nGalerie Chevalier<\/p>\n<p>Postal address: 41 rue de Seine\u00a0<\/p>\n<p>Postal code: 75006 Paris<\/p>\n<p>\nWithin the framework of its activity, Galerie Chevalier may need to transfer the data collected in other countries, for one of the purposes for which the data was initially collected or for the purposes to which the Internet users have subsequently consented. When data is transferred to a third country, Galerie Chevalier takes all necessary measures to avoid any harm. Data can be transferred to countries that are not members of the European Union, but only to countries where an adequate level of data protection is guaranteed.<\/p>\n<p>\nThe information collected is subject to computerized processing. Each Internet user has the right to access, modify, rectify and delete data concerning him\/her. (Art. 34 of the law &#8220;Informatique et Libert\u00e9s&#8221;). This right can be exercised by contacting : info@galerie-chevalier.com . Each user can also send Galerie Chevalier instructions concerning the fate of his data after his death.<\/p>\n<p>&nbsp;<\/p>\n<p>The personal data collected on this site are kept until the expiration of the legal prescription periods.<\/p>\n<p>&nbsp;<\/p>\n<p><span style=\"font-size: 18pt;\"><strong>Cookies, TAGS and trackers<\/strong><\/span><\/p>\n<p>When you browse our website, information about your browsing may be recorded in your terminal (computer, tablet, smartphone &#8230;) through files called &#8220;Cookies&#8221;.<\/p>\n<p>Cookies allow us to monitor the number of visitors to our website.<\/p>\n<p>You can change your preferences regarding cookies by setting your browser:<\/p>\n<p>&nbsp;<\/p>\n<ul>\n<li><a href=\"http:\/\/docs.info.apple.com\/article.html?path=Safari\/3.0\/fr\/9277.html\">Safari<\/a><\/li>\n<li><a href=\"http:\/\/support.google.com\/chrome\/bin\/answer.py?hl=fr&amp;hlrm=en&amp;answer=95647\">Chrome<\/a><\/li>\n<li><a href=\"http:\/\/support.mozilla.org\/fr\/kb\/Activer%20et%20d%C3%A9sactiver%20les%20cookies\">Firefox<\/a><\/li>\n<li><a href=\"http:\/\/windows.microsoft.com\/fr-FR\/windows-vista\/Block-or-allow-cookies\">Internet Explorer<\/a><\/li>\n<li><a href=\"https:\/\/support.apple.com\/fr-fr\/HT201265\">iOS<\/a><\/li>\n<\/ul>\n<p>&nbsp;<\/p>\n<p><span style=\"font-size: 18pt;\"><strong>Links to other sites<\/strong><\/span><\/p>\n<p>The site may include links to other sites or other Internet sources. Insofar as Galerie Chevalier cannot control these sites and external sources, Galerie Chevalier cannot be held responsible for the availability of these sites and external sources, and thus declines all responsibility for the content, advertising, products, services or any other material available on or from these sites or external sources.<\/p>\n<p>These links are offered to users of the www.galerie-chevalier.com website as a service. The decision to activate the links is yours alone. We remind you that non-affiliated sites are subject to their own terms of use.<\/p>\n<p>&nbsp;<\/p>\n","protected":false},"excerpt":{"rendered":"<p>Company name :\u00a0 Galerie Chevalier SARL Legal form : SARL Share capital: 596 133.25 euros SIREN :490755873 Responsible : Dominique Chevalier, manager &nbsp; In accordance with the law n\u00b02004-575 of June 21st 2004 for the confidence in the digital economy, we inform you that the website www.galerie-chevalier.com is the property of Galerie Chevalier. The website [&hellip;]<\/p>\n","protected":false},"author":1,"featured_media":0,"parent":0,"menu_order":0,"comment_status":"closed","ping_status":"open","template":"templates\/cms.php","meta":{"_acf_changed":false,"footnotes":""},"class_list":["post-2590","page","type-page","status-publish","hentry"],"acf":[],"yoast_head":"<!-- This site is optimized with the Yoast SEO plugin v27.2 - https:\/\/yoast.com\/product\/yoast-seo-wordpress\/ -->\n<title>Mentions l\u00e9gales - Galerie Chevalier<\/title>\n<meta name=\"description\" content=\"Mentions l\u00e9gales . La Galerie Chevalier est install\u00e9e au 25 rue de Bourgogne dans le 7\u00e8me arrondissement de Paris, est sp\u00e9cialis\u00e9e en tapisseries.\" \/>\n<meta name=\"robots\" content=\"index, follow, max-snippet:-1, max-image-preview:large, max-video-preview:-1\" \/>\n<link rel=\"canonical\" href=\"https:\/\/www.galerie-chevalier.com\/en\/mentions-legales\/\" \/>\n<meta property=\"og:locale\" content=\"en_US\" \/>\n<meta property=\"og:type\" content=\"article\" \/>\n<meta property=\"og:title\" content=\"Mentions l\u00e9gales - Galerie Chevalier\" \/>\n<meta property=\"og:description\" content=\"Mentions l\u00e9gales . La Galerie Chevalier est install\u00e9e au 25 rue de Bourgogne dans le 7\u00e8me arrondissement de Paris, est sp\u00e9cialis\u00e9e en tapisseries.\" \/>\n<meta property=\"og:url\" content=\"https:\/\/www.galerie-chevalier.com\/en\/mentions-legales\/\" \/>\n<meta property=\"og:site_name\" content=\"Galerie Chevalier\" \/>\n<meta property=\"article:modified_time\" content=\"2025-06-10T13:23:25+00:00\" \/>\n<meta name=\"twitter:card\" content=\"summary_large_image\" \/>\n<meta name=\"twitter:label1\" content=\"Est. reading time\" \/>\n\t<meta name=\"twitter:data1\" content=\"5 minutes\" \/>\n<script type=\"application\/ld+json\" class=\"yoast-schema-graph\">{\"@context\":\"https:\/\/schema.org\",\"@graph\":[{\"@type\":\"WebPage\",\"@id\":\"https:\/\/www.galerie-chevalier.com\/en\/mentions-legales\/\",\"url\":\"https:\/\/www.galerie-chevalier.com\/en\/mentions-legales\/\",\"name\":\"Mentions l\u00e9gales - Galerie Chevalier\",\"isPartOf\":{\"@id\":\"https:\/\/www.galerie-chevalier.com\/en\/#website\"},\"datePublished\":\"2021-05-24T08:18:55+00:00\",\"dateModified\":\"2025-06-10T13:23:25+00:00\",\"description\":\"Mentions l\u00e9gales . La Galerie Chevalier est install\u00e9e au 25 rue de Bourgogne dans le 7\u00e8me arrondissement de Paris, est sp\u00e9cialis\u00e9e en tapisseries.\",\"breadcrumb\":{\"@id\":\"https:\/\/www.galerie-chevalier.com\/en\/mentions-legales\/#breadcrumb\"},\"inLanguage\":\"en-US\",\"potentialAction\":[{\"@type\":\"ReadAction\",\"target\":[\"https:\/\/www.galerie-chevalier.com\/en\/mentions-legales\/\"]}]},{\"@type\":\"BreadcrumbList\",\"@id\":\"https:\/\/www.galerie-chevalier.com\/en\/mentions-legales\/#breadcrumb\",\"itemListElement\":[{\"@type\":\"ListItem\",\"position\":1,\"name\":\"Accueil\",\"item\":\"https:\/\/www.galerie-chevalier.com\/en\/\"},{\"@type\":\"ListItem\",\"position\":2,\"name\":\"Mentions l\u00e9gales\"}]},{\"@type\":\"WebSite\",\"@id\":\"https:\/\/www.galerie-chevalier.com\/en\/#website\",\"url\":\"https:\/\/www.galerie-chevalier.com\/en\/\",\"name\":\"Galerie Chevalier\",\"description\":\"Un site utilisant WordPress\",\"potentialAction\":[{\"@type\":\"SearchAction\",\"target\":{\"@type\":\"EntryPoint\",\"urlTemplate\":\"https:\/\/www.galerie-chevalier.com\/en\/?s={search_term_string}\"},\"query-input\":{\"@type\":\"PropertyValueSpecification\",\"valueRequired\":true,\"valueName\":\"search_term_string\"}}],\"inLanguage\":\"en-US\"}]}<\/script>\n<!-- \/ Yoast SEO plugin. -->","yoast_head_json":{"title":"Mentions l\u00e9gales - Galerie Chevalier","description":"Mentions l\u00e9gales . La Galerie Chevalier est install\u00e9e au 25 rue de Bourgogne dans le 7\u00e8me arrondissement de Paris, est sp\u00e9cialis\u00e9e en tapisseries.","robots":{"index":"index","follow":"follow","max-snippet":"max-snippet:-1","max-image-preview":"max-image-preview:large","max-video-preview":"max-video-preview:-1"},"canonical":"https:\/\/www.galerie-chevalier.com\/en\/mentions-legales\/","og_locale":"en_US","og_type":"article","og_title":"Mentions l\u00e9gales - Galerie Chevalier","og_description":"Mentions l\u00e9gales . La Galerie Chevalier est install\u00e9e au 25 rue de Bourgogne dans le 7\u00e8me arrondissement de Paris, est sp\u00e9cialis\u00e9e en tapisseries.","og_url":"https:\/\/www.galerie-chevalier.com\/en\/mentions-legales\/","og_site_name":"Galerie Chevalier","article_modified_time":"2025-06-10T13:23:25+00:00","twitter_card":"summary_large_image","twitter_misc":{"Est. reading time":"5 minutes"},"schema":{"@context":"https:\/\/schema.org","@graph":[{"@type":"WebPage","@id":"https:\/\/www.galerie-chevalier.com\/en\/mentions-legales\/","url":"https:\/\/www.galerie-chevalier.com\/en\/mentions-legales\/","name":"Mentions l\u00e9gales - Galerie Chevalier","isPartOf":{"@id":"https:\/\/www.galerie-chevalier.com\/en\/#website"},"datePublished":"2021-05-24T08:18:55+00:00","dateModified":"2025-06-10T13:23:25+00:00","description":"Mentions l\u00e9gales . La Galerie Chevalier est install\u00e9e au 25 rue de Bourgogne dans le 7\u00e8me arrondissement de Paris, est sp\u00e9cialis\u00e9e en tapisseries.","breadcrumb":{"@id":"https:\/\/www.galerie-chevalier.com\/en\/mentions-legales\/#breadcrumb"},"inLanguage":"en-US","potentialAction":[{"@type":"ReadAction","target":["https:\/\/www.galerie-chevalier.com\/en\/mentions-legales\/"]}]},{"@type":"BreadcrumbList","@id":"https:\/\/www.galerie-chevalier.com\/en\/mentions-legales\/#breadcrumb","itemListElement":[{"@type":"ListItem","position":1,"name":"Accueil","item":"https:\/\/www.galerie-chevalier.com\/en\/"},{"@type":"ListItem","position":2,"name":"Mentions l\u00e9gales"}]},{"@type":"WebSite","@id":"https:\/\/www.galerie-chevalier.com\/en\/#website","url":"https:\/\/www.galerie-chevalier.com\/en\/","name":"Galerie Chevalier","description":"Un site utilisant WordPress","potentialAction":[{"@type":"SearchAction","target":{"@type":"EntryPoint","urlTemplate":"https:\/\/www.galerie-chevalier.com\/en\/?s={search_term_string}"},"query-input":{"@type":"PropertyValueSpecification","valueRequired":true,"valueName":"search_term_string"}}],"inLanguage":"en-US"}]}},"_links":{"self":[{"href":"https:\/\/www.galerie-chevalier.com\/en\/wp-json\/wp\/v2\/pages\/2590","targetHints":{"allow":["GET"]}}],"collection":[{"href":"https:\/\/www.galerie-chevalier.com\/en\/wp-json\/wp\/v2\/pages"}],"about":[{"href":"https:\/\/www.galerie-chevalier.com\/en\/wp-json\/wp\/v2\/types\/page"}],"author":[{"embeddable":true,"href":"https:\/\/www.galerie-chevalier.com\/en\/wp-json\/wp\/v2\/users\/1"}],"replies":[{"embeddable":true,"href":"https:\/\/www.galerie-chevalier.com\/en\/wp-json\/wp\/v2\/comments?post=2590"}],"version-history":[{"count":5,"href":"https:\/\/www.galerie-chevalier.com\/en\/wp-json\/wp\/v2\/pages\/2590\/revisions"}],"predecessor-version":[{"id":6894,"href":"https:\/\/www.galerie-chevalier.com\/en\/wp-json\/wp\/v2\/pages\/2590\/revisions\/6894"}],"wp:attachment":[{"href":"https:\/\/www.galerie-chevalier.com\/en\/wp-json\/wp\/v2\/media?parent=2590"}],"curies":[{"name":"wp","href":"https:\/\/api.w.org\/{rel}","templated":true}]}}