{"id":2544,"date":"2021-02-12T13:20:27","date_gmt":"2021-02-12T12:20:27","guid":{"rendered":"https:\/\/www.galerie-chevalier.com\/a-propos\/"},"modified":"2026-05-11T18:22:19","modified_gmt":"2026-05-11T16:22:19","slug":"a-propos","status":"publish","type":"page","link":"https:\/\/www.galerie-chevalier.com\/en\/a-propos\/","title":{"rendered":"ABOUT"},"content":{"rendered":"<p>This gallery is an extension of the family business, which dates back to 1917. It is now run by Am\u00e9lie-Margot Chevalier, continuing the passion initiated by her parents Dominique Chevalier and Nicole de Pazzis Chevalier. Am\u00e9lie-Margot Chevalier has been working in the family gallery for some fifteen years, developing the modern and contemporary tapestries department and creating the Fiber Art department. She is a member of the Compagnie Nationale des Experts and the Comit\u00e9 Professionnel des Galeries d&#8217;Art.<\/p>\n<p>\u2018I naturally gravitate towards the French tapestry scene, with a focus on the artists of the Aventure Tiss\u00e9e around Jean Lur\u00e7at, but my knowledge and documentation transcend periods and styles.<\/p>\n<p>Translated with DeepL.com (free version)<\/p>\n","protected":false},"excerpt":{"rendered":"<p>This gallery is an extension of the family business, which dates back to 1917. It is now run by Am\u00e9lie-Margot Chevalier, continuing the passion initiated by her parents Dominique Chevalier and Nicole de Pazzis Chevalier. Am\u00e9lie-Margot Chevalier has been working in the family gallery for some fifteen years, developing the modern and contemporary tapestries department [&hellip;]<\/p>\n","protected":false},"author":1,"featured_media":0,"parent":0,"menu_order":0,"comment_status":"closed","ping_status":"closed","template":"templates\/about.php","meta":{"_acf_changed":false,"footnotes":""},"class_list":["post-2544","page","type-page","status-publish","hentry"],"acf":[],"yoast_head":"<!-- This site is optimized with the Yoast SEO plugin v27.4 - https:\/\/yoast.com\/product\/yoast-seo-wordpress\/ -->\n<title>ABOUT - Galerie Chevalier<\/title>\n<meta name=\"description\" content=\"Cette galerie est le prolongement de l\u2019entreprise familiale qui remonte \u00e0 1917. D\u00e9sormais, la direction est assur\u00e9e par C\u00e9line Letessier et Am\u00e9lie-Margot Chevalier, poursuivant la passion initi\u00e9e par leurs parents Dominique Chevalier et Nicole de Pazzis Chevalier. Les deux soeurs, tr\u00e8s complices, collaborent depuis plus d\u2019une quinzaine d\u2019ann\u00e9es. Am\u00e9lie-Margot assure la direction artistique de la galerie ainsi que les recherches sur les pi\u00e8ces. Elle est experte en tapisseries modernes et cr\u00e9ation textile contemporaine (membre de la Compagnie Nationale des Experts et du Syndicat National des Antiquaires). C\u00e9line se concentre sur la gestion de la soci\u00e9t\u00e9 et le d\u00e9veloppement de la marque de tapis contemporains Parsua.\" \/>\n<meta name=\"robots\" content=\"index, follow, max-snippet:-1, max-image-preview:large, max-video-preview:-1\" \/>\n<link rel=\"canonical\" href=\"https:\/\/www.galerie-chevalier.com\/en\/a-propos\/\" \/>\n<meta property=\"og:locale\" content=\"en_US\" \/>\n<meta property=\"og:type\" content=\"article\" \/>\n<meta property=\"og:title\" content=\"ABOUT - Galerie Chevalier\" \/>\n<meta property=\"og:description\" content=\"Cette galerie est le prolongement de l\u2019entreprise familiale qui remonte \u00e0 1917. D\u00e9sormais, la direction est assur\u00e9e par C\u00e9line Letessier et Am\u00e9lie-Margot Chevalier, poursuivant la passion initi\u00e9e par leurs parents Dominique Chevalier et Nicole de Pazzis Chevalier. Les deux soeurs, tr\u00e8s complices, collaborent depuis plus d\u2019une quinzaine d\u2019ann\u00e9es. Am\u00e9lie-Margot assure la direction artistique de la galerie ainsi que les recherches sur les pi\u00e8ces. Elle est experte en tapisseries modernes et cr\u00e9ation textile contemporaine (membre de la Compagnie Nationale des Experts et du Syndicat National des Antiquaires). C\u00e9line se concentre sur la gestion de la soci\u00e9t\u00e9 et le d\u00e9veloppement de la marque de tapis contemporains Parsua.\" \/>\n<meta property=\"og:url\" content=\"https:\/\/www.galerie-chevalier.com\/en\/a-propos\/\" \/>\n<meta property=\"og:site_name\" content=\"Galerie Chevalier\" \/>\n<meta property=\"article:modified_time\" content=\"2026-05-11T16:22:19+00:00\" \/>\n<meta name=\"twitter:card\" content=\"summary_large_image\" \/>\n<meta name=\"twitter:label1\" content=\"Est. reading time\" \/>\n\t<meta name=\"twitter:data1\" content=\"1 minute\" \/>\n<script type=\"application\/ld+json\" class=\"yoast-schema-graph\">{\"@context\":\"https:\\\/\\\/schema.org\",\"@graph\":[{\"@type\":\"WebPage\",\"@id\":\"https:\\\/\\\/www.galerie-chevalier.com\\\/en\\\/a-propos\\\/\",\"url\":\"https:\\\/\\\/www.galerie-chevalier.com\\\/en\\\/a-propos\\\/\",\"name\":\"ABOUT - Galerie Chevalier\",\"isPartOf\":{\"@id\":\"https:\\\/\\\/www.galerie-chevalier.com\\\/en\\\/#website\"},\"datePublished\":\"2021-02-12T12:20:27+00:00\",\"dateModified\":\"2026-05-11T16:22:19+00:00\",\"description\":\"Cette galerie est le prolongement de l\u2019entreprise familiale qui remonte \u00e0 1917. D\u00e9sormais, la direction est assur\u00e9e par C\u00e9line Letessier et Am\u00e9lie-Margot Chevalier, poursuivant la passion initi\u00e9e par leurs parents Dominique Chevalier et Nicole de Pazzis Chevalier. Les deux soeurs, tr\u00e8s complices, collaborent depuis plus d\u2019une quinzaine d\u2019ann\u00e9es. Am\u00e9lie-Margot assure la direction artistique de la galerie ainsi que les recherches sur les pi\u00e8ces. Elle est experte en tapisseries modernes et cr\u00e9ation textile contemporaine (membre de la Compagnie Nationale des Experts et du Syndicat National des Antiquaires). C\u00e9line se concentre sur la gestion de la soci\u00e9t\u00e9 et le d\u00e9veloppement de la marque de tapis contemporains Parsua.\",\"breadcrumb\":{\"@id\":\"https:\\\/\\\/www.galerie-chevalier.com\\\/en\\\/a-propos\\\/#breadcrumb\"},\"inLanguage\":\"en-US\",\"potentialAction\":[{\"@type\":\"ReadAction\",\"target\":[\"https:\\\/\\\/www.galerie-chevalier.com\\\/en\\\/a-propos\\\/\"]}]},{\"@type\":\"BreadcrumbList\",\"@id\":\"https:\\\/\\\/www.galerie-chevalier.com\\\/en\\\/a-propos\\\/#breadcrumb\",\"itemListElement\":[{\"@type\":\"ListItem\",\"position\":1,\"name\":\"Accueil\",\"item\":\"https:\\\/\\\/www.galerie-chevalier.com\\\/en\\\/\"},{\"@type\":\"ListItem\",\"position\":2,\"name\":\"ABOUT\"}]},{\"@type\":\"WebSite\",\"@id\":\"https:\\\/\\\/www.galerie-chevalier.com\\\/en\\\/#website\",\"url\":\"https:\\\/\\\/www.galerie-chevalier.com\\\/en\\\/\",\"name\":\"Galerie Chevalier\",\"description\":\"Un site utilisant WordPress\",\"potentialAction\":[{\"@type\":\"SearchAction\",\"target\":{\"@type\":\"EntryPoint\",\"urlTemplate\":\"https:\\\/\\\/www.galerie-chevalier.com\\\/en\\\/?s={search_term_string}\"},\"query-input\":{\"@type\":\"PropertyValueSpecification\",\"valueRequired\":true,\"valueName\":\"search_term_string\"}}],\"inLanguage\":\"en-US\"}]}<\/script>\n<!-- \/ Yoast SEO plugin. -->","yoast_head_json":{"title":"ABOUT - Galerie Chevalier","description":"Cette galerie est le prolongement de l\u2019entreprise familiale qui remonte \u00e0 1917. D\u00e9sormais, la direction est assur\u00e9e par C\u00e9line Letessier et Am\u00e9lie-Margot Chevalier, poursuivant la passion initi\u00e9e par leurs parents Dominique Chevalier et Nicole de Pazzis Chevalier. Les deux soeurs, tr\u00e8s complices, collaborent depuis plus d\u2019une quinzaine d\u2019ann\u00e9es. Am\u00e9lie-Margot assure la direction artistique de la galerie ainsi que les recherches sur les pi\u00e8ces. Elle est experte en tapisseries modernes et cr\u00e9ation textile contemporaine (membre de la Compagnie Nationale des Experts et du Syndicat National des Antiquaires). C\u00e9line se concentre sur la gestion de la soci\u00e9t\u00e9 et le d\u00e9veloppement de la marque de tapis contemporains Parsua.","robots":{"index":"index","follow":"follow","max-snippet":"max-snippet:-1","max-image-preview":"max-image-preview:large","max-video-preview":"max-video-preview:-1"},"canonical":"https:\/\/www.galerie-chevalier.com\/en\/a-propos\/","og_locale":"en_US","og_type":"article","og_title":"ABOUT - Galerie Chevalier","og_description":"Cette galerie est le prolongement de l\u2019entreprise familiale qui remonte \u00e0 1917. D\u00e9sormais, la direction est assur\u00e9e par C\u00e9line Letessier et Am\u00e9lie-Margot Chevalier, poursuivant la passion initi\u00e9e par leurs parents Dominique Chevalier et Nicole de Pazzis Chevalier. Les deux soeurs, tr\u00e8s complices, collaborent depuis plus d\u2019une quinzaine d\u2019ann\u00e9es. Am\u00e9lie-Margot assure la direction artistique de la galerie ainsi que les recherches sur les pi\u00e8ces. Elle est experte en tapisseries modernes et cr\u00e9ation textile contemporaine (membre de la Compagnie Nationale des Experts et du Syndicat National des Antiquaires). C\u00e9line se concentre sur la gestion de la soci\u00e9t\u00e9 et le d\u00e9veloppement de la marque de tapis contemporains Parsua.","og_url":"https:\/\/www.galerie-chevalier.com\/en\/a-propos\/","og_site_name":"Galerie Chevalier","article_modified_time":"2026-05-11T16:22:19+00:00","twitter_card":"summary_large_image","twitter_misc":{"Est. reading time":"1 minute"},"schema":{"@context":"https:\/\/schema.org","@graph":[{"@type":"WebPage","@id":"https:\/\/www.galerie-chevalier.com\/en\/a-propos\/","url":"https:\/\/www.galerie-chevalier.com\/en\/a-propos\/","name":"ABOUT - Galerie Chevalier","isPartOf":{"@id":"https:\/\/www.galerie-chevalier.com\/en\/#website"},"datePublished":"2021-02-12T12:20:27+00:00","dateModified":"2026-05-11T16:22:19+00:00","description":"Cette galerie est le prolongement de l\u2019entreprise familiale qui remonte \u00e0 1917. D\u00e9sormais, la direction est assur\u00e9e par C\u00e9line Letessier et Am\u00e9lie-Margot Chevalier, poursuivant la passion initi\u00e9e par leurs parents Dominique Chevalier et Nicole de Pazzis Chevalier. Les deux soeurs, tr\u00e8s complices, collaborent depuis plus d\u2019une quinzaine d\u2019ann\u00e9es. Am\u00e9lie-Margot assure la direction artistique de la galerie ainsi que les recherches sur les pi\u00e8ces. Elle est experte en tapisseries modernes et cr\u00e9ation textile contemporaine (membre de la Compagnie Nationale des Experts et du Syndicat National des Antiquaires). C\u00e9line se concentre sur la gestion de la soci\u00e9t\u00e9 et le d\u00e9veloppement de la marque de tapis contemporains Parsua.","breadcrumb":{"@id":"https:\/\/www.galerie-chevalier.com\/en\/a-propos\/#breadcrumb"},"inLanguage":"en-US","potentialAction":[{"@type":"ReadAction","target":["https:\/\/www.galerie-chevalier.com\/en\/a-propos\/"]}]},{"@type":"BreadcrumbList","@id":"https:\/\/www.galerie-chevalier.com\/en\/a-propos\/#breadcrumb","itemListElement":[{"@type":"ListItem","position":1,"name":"Accueil","item":"https:\/\/www.galerie-chevalier.com\/en\/"},{"@type":"ListItem","position":2,"name":"ABOUT"}]},{"@type":"WebSite","@id":"https:\/\/www.galerie-chevalier.com\/en\/#website","url":"https:\/\/www.galerie-chevalier.com\/en\/","name":"Galerie Chevalier","description":"Un site utilisant WordPress","potentialAction":[{"@type":"SearchAction","target":{"@type":"EntryPoint","urlTemplate":"https:\/\/www.galerie-chevalier.com\/en\/?s={search_term_string}"},"query-input":{"@type":"PropertyValueSpecification","valueRequired":true,"valueName":"search_term_string"}}],"inLanguage":"en-US"}]}},"_links":{"self":[{"href":"https:\/\/www.galerie-chevalier.com\/en\/wp-json\/wp\/v2\/pages\/2544","targetHints":{"allow":["GET"]}}],"collection":[{"href":"https:\/\/www.galerie-chevalier.com\/en\/wp-json\/wp\/v2\/pages"}],"about":[{"href":"https:\/\/www.galerie-chevalier.com\/en\/wp-json\/wp\/v2\/types\/page"}],"author":[{"embeddable":true,"href":"https:\/\/www.galerie-chevalier.com\/en\/wp-json\/wp\/v2\/users\/1"}],"replies":[{"embeddable":true,"href":"https:\/\/www.galerie-chevalier.com\/en\/wp-json\/wp\/v2\/comments?post=2544"}],"version-history":[{"count":30,"href":"https:\/\/www.galerie-chevalier.com\/en\/wp-json\/wp\/v2\/pages\/2544\/revisions"}],"predecessor-version":[{"id":7314,"href":"https:\/\/www.galerie-chevalier.com\/en\/wp-json\/wp\/v2\/pages\/2544\/revisions\/7314"}],"wp:attachment":[{"href":"https:\/\/www.galerie-chevalier.com\/en\/wp-json\/wp\/v2\/media?parent=2544"}],"curies":[{"name":"wp","href":"https:\/\/api.w.org\/{rel}","templated":true}]}}