{"id":2540,"date":"2021-02-26T19:16:09","date_gmt":"2021-02-26T18:16:09","guid":{"rendered":"https:\/\/www.galerie-chevalier.com\/decouvrez-nos-arts-textiles-contemporains\/"},"modified":"2021-06-02T17:48:05","modified_gmt":"2021-06-02T15:48:05","slug":"decouvrez-nos-arts-textiles-contemporains","status":"publish","type":"page","link":"https:\/\/www.galerie-chevalier.com\/en\/decouvrez-nos-arts-textiles-contemporains\/","title":{"rendered":"Discover our pieces of Fibert art"},"content":{"rendered":"","protected":false},"excerpt":{"rendered":"","protected":false},"author":1,"featured_media":0,"parent":0,"menu_order":0,"comment_status":"closed","ping_status":"closed","template":"templates\/listing.php","meta":{"_acf_changed":false,"footnotes":""},"class_list":["post-2540","page","type-page","status-publish","hentry"],"acf":[],"yoast_head":"<!-- This site is optimized with the Yoast SEO plugin v27.4 - https:\/\/yoast.com\/product\/yoast-seo-wordpress\/ -->\n<title>Discover our pieces of Fibert art - Galerie Chevalier<\/title>\n<meta name=\"description\" content=\"Toutes nos collections ne figurent pas sur le site. N\u2019h\u00e9sitez pas \u00e0 nous contacter pour une recherche personnalis\u00e9e.\" \/>\n<meta name=\"robots\" content=\"index, follow, max-snippet:-1, max-image-preview:large, max-video-preview:-1\" \/>\n<link rel=\"canonical\" href=\"https:\/\/www.galerie-chevalier.com\/en\/decouvrez-nos-arts-textiles-contemporains\/\" \/>\n<meta property=\"og:locale\" content=\"en_US\" \/>\n<meta property=\"og:type\" content=\"article\" \/>\n<meta property=\"og:title\" content=\"Discover our pieces of Fibert art - Galerie Chevalier\" \/>\n<meta property=\"og:description\" content=\"Toutes nos collections ne figurent pas sur le site. N\u2019h\u00e9sitez pas \u00e0 nous contacter pour une recherche personnalis\u00e9e.\" \/>\n<meta property=\"og:url\" content=\"https:\/\/www.galerie-chevalier.com\/en\/decouvrez-nos-arts-textiles-contemporains\/\" \/>\n<meta property=\"og:site_name\" content=\"Galerie Chevalier\" \/>\n<meta property=\"article:modified_time\" content=\"2021-06-02T15:48:05+00:00\" \/>\n<meta name=\"twitter:card\" content=\"summary_large_image\" \/>\n<script type=\"application\/ld+json\" class=\"yoast-schema-graph\">{\"@context\":\"https:\\\/\\\/schema.org\",\"@graph\":[{\"@type\":\"WebPage\",\"@id\":\"https:\\\/\\\/www.galerie-chevalier.com\\\/en\\\/decouvrez-nos-arts-textiles-contemporains\\\/\",\"url\":\"https:\\\/\\\/www.galerie-chevalier.com\\\/en\\\/decouvrez-nos-arts-textiles-contemporains\\\/\",\"name\":\"Discover our pieces of Fibert art - Galerie Chevalier\",\"isPartOf\":{\"@id\":\"https:\\\/\\\/www.galerie-chevalier.com\\\/en\\\/#website\"},\"datePublished\":\"2021-02-26T18:16:09+00:00\",\"dateModified\":\"2021-06-02T15:48:05+00:00\",\"description\":\"Toutes nos collections ne figurent pas sur le site. N\u2019h\u00e9sitez pas \u00e0 nous contacter pour une recherche personnalis\u00e9e.\",\"breadcrumb\":{\"@id\":\"https:\\\/\\\/www.galerie-chevalier.com\\\/en\\\/decouvrez-nos-arts-textiles-contemporains\\\/#breadcrumb\"},\"inLanguage\":\"en-US\",\"potentialAction\":[{\"@type\":\"ReadAction\",\"target\":[\"https:\\\/\\\/www.galerie-chevalier.com\\\/en\\\/decouvrez-nos-arts-textiles-contemporains\\\/\"]}]},{\"@type\":\"BreadcrumbList\",\"@id\":\"https:\\\/\\\/www.galerie-chevalier.com\\\/en\\\/decouvrez-nos-arts-textiles-contemporains\\\/#breadcrumb\",\"itemListElement\":[{\"@type\":\"ListItem\",\"position\":1,\"name\":\"Accueil\",\"item\":\"https:\\\/\\\/www.galerie-chevalier.com\\\/en\\\/\"},{\"@type\":\"ListItem\",\"position\":2,\"name\":\"Discover our pieces of Fibert art\"}]},{\"@type\":\"WebSite\",\"@id\":\"https:\\\/\\\/www.galerie-chevalier.com\\\/en\\\/#website\",\"url\":\"https:\\\/\\\/www.galerie-chevalier.com\\\/en\\\/\",\"name\":\"Galerie Chevalier\",\"description\":\"Un site utilisant WordPress\",\"potentialAction\":[{\"@type\":\"SearchAction\",\"target\":{\"@type\":\"EntryPoint\",\"urlTemplate\":\"https:\\\/\\\/www.galerie-chevalier.com\\\/en\\\/?s={search_term_string}\"},\"query-input\":{\"@type\":\"PropertyValueSpecification\",\"valueRequired\":true,\"valueName\":\"search_term_string\"}}],\"inLanguage\":\"en-US\"}]}<\/script>\n<!-- \/ Yoast SEO plugin. -->","yoast_head_json":{"title":"Discover our pieces of Fibert art - Galerie Chevalier","description":"Toutes nos collections ne figurent pas sur le site. N\u2019h\u00e9sitez pas \u00e0 nous contacter pour une recherche personnalis\u00e9e.","robots":{"index":"index","follow":"follow","max-snippet":"max-snippet:-1","max-image-preview":"max-image-preview:large","max-video-preview":"max-video-preview:-1"},"canonical":"https:\/\/www.galerie-chevalier.com\/en\/decouvrez-nos-arts-textiles-contemporains\/","og_locale":"en_US","og_type":"article","og_title":"Discover our pieces of Fibert art - Galerie Chevalier","og_description":"Toutes nos collections ne figurent pas sur le site. N\u2019h\u00e9sitez pas \u00e0 nous contacter pour une recherche personnalis\u00e9e.","og_url":"https:\/\/www.galerie-chevalier.com\/en\/decouvrez-nos-arts-textiles-contemporains\/","og_site_name":"Galerie Chevalier","article_modified_time":"2021-06-02T15:48:05+00:00","twitter_card":"summary_large_image","schema":{"@context":"https:\/\/schema.org","@graph":[{"@type":"WebPage","@id":"https:\/\/www.galerie-chevalier.com\/en\/decouvrez-nos-arts-textiles-contemporains\/","url":"https:\/\/www.galerie-chevalier.com\/en\/decouvrez-nos-arts-textiles-contemporains\/","name":"Discover our pieces of Fibert art - Galerie Chevalier","isPartOf":{"@id":"https:\/\/www.galerie-chevalier.com\/en\/#website"},"datePublished":"2021-02-26T18:16:09+00:00","dateModified":"2021-06-02T15:48:05+00:00","description":"Toutes nos collections ne figurent pas sur le site. N\u2019h\u00e9sitez pas \u00e0 nous contacter pour une recherche personnalis\u00e9e.","breadcrumb":{"@id":"https:\/\/www.galerie-chevalier.com\/en\/decouvrez-nos-arts-textiles-contemporains\/#breadcrumb"},"inLanguage":"en-US","potentialAction":[{"@type":"ReadAction","target":["https:\/\/www.galerie-chevalier.com\/en\/decouvrez-nos-arts-textiles-contemporains\/"]}]},{"@type":"BreadcrumbList","@id":"https:\/\/www.galerie-chevalier.com\/en\/decouvrez-nos-arts-textiles-contemporains\/#breadcrumb","itemListElement":[{"@type":"ListItem","position":1,"name":"Accueil","item":"https:\/\/www.galerie-chevalier.com\/en\/"},{"@type":"ListItem","position":2,"name":"Discover our pieces of Fibert art"}]},{"@type":"WebSite","@id":"https:\/\/www.galerie-chevalier.com\/en\/#website","url":"https:\/\/www.galerie-chevalier.com\/en\/","name":"Galerie Chevalier","description":"Un site utilisant WordPress","potentialAction":[{"@type":"SearchAction","target":{"@type":"EntryPoint","urlTemplate":"https:\/\/www.galerie-chevalier.com\/en\/?s={search_term_string}"},"query-input":{"@type":"PropertyValueSpecification","valueRequired":true,"valueName":"search_term_string"}}],"inLanguage":"en-US"}]}},"_links":{"self":[{"href":"https:\/\/www.galerie-chevalier.com\/en\/wp-json\/wp\/v2\/pages\/2540","targetHints":{"allow":["GET"]}}],"collection":[{"href":"https:\/\/www.galerie-chevalier.com\/en\/wp-json\/wp\/v2\/pages"}],"about":[{"href":"https:\/\/www.galerie-chevalier.com\/en\/wp-json\/wp\/v2\/types\/page"}],"author":[{"embeddable":true,"href":"https:\/\/www.galerie-chevalier.com\/en\/wp-json\/wp\/v2\/users\/1"}],"replies":[{"embeddable":true,"href":"https:\/\/www.galerie-chevalier.com\/en\/wp-json\/wp\/v2\/comments?post=2540"}],"version-history":[{"count":3,"href":"https:\/\/www.galerie-chevalier.com\/en\/wp-json\/wp\/v2\/pages\/2540\/revisions"}],"predecessor-version":[{"id":2634,"href":"https:\/\/www.galerie-chevalier.com\/en\/wp-json\/wp\/v2\/pages\/2540\/revisions\/2634"}],"wp:attachment":[{"href":"https:\/\/www.galerie-chevalier.com\/en\/wp-json\/wp\/v2\/media?parent=2540"}],"curies":[{"name":"wp","href":"https:\/\/api.w.org\/{rel}","templated":true}]}}