{"id":2530,"date":"2021-02-18T17:11:22","date_gmt":"2021-02-18T16:11:22","guid":{"rendered":"https:\/\/www.galerie-chevalier.com\/restauration\/"},"modified":"2021-06-24T11:48:19","modified_gmt":"2021-06-24T09:48:19","slug":"restauration","status":"publish","type":"page","link":"https:\/\/www.galerie-chevalier.com\/en\/restauration\/","title":{"rendered":"Conservation"},"content":{"rendered":"","protected":false},"excerpt":{"rendered":"","protected":false},"author":1,"featured_media":0,"parent":0,"menu_order":0,"comment_status":"closed","ping_status":"closed","template":"templates\/service.php","meta":{"_acf_changed":false,"footnotes":""},"class_list":["post-2530","page","type-page","status-publish","hentry"],"acf":[],"yoast_head":"<!-- This site is optimized with the Yoast SEO plugin v27.2 - https:\/\/yoast.com\/product\/yoast-seo-wordpress\/ -->\n<title>Conservation - Galerie Chevalier<\/title>\n<meta name=\"description\" content=\"Les tapisseries doivent \u00eatre nettoy\u00e9es tous les 15 ou 20 ans, selon leur emplacement (environnement trop sec chemin\u00e9e dans la pi\u00e8ce, fumeurs dans la famille, etc\u2026). Il est tr\u00e8s important de r\u00e9hydrater les fibres textiles pour la bonne conservation de l\u2019\u0153uvre. Cela permet \u00e9galement d\u2019\u00e9valuer l\u2019\u00e9tat de la tapisserie et de voir si elle n\u00e9cessite des restaurations d\u2019entretien (coutures de relais ouvertes, quelques faiblesses dans le tissage, \u00e9tat des soies).\" \/>\n<meta name=\"robots\" content=\"index, follow, max-snippet:-1, max-image-preview:large, max-video-preview:-1\" \/>\n<link rel=\"canonical\" href=\"https:\/\/www.galerie-chevalier.com\/en\/restauration\/\" \/>\n<meta property=\"og:locale\" content=\"en_US\" \/>\n<meta property=\"og:type\" content=\"article\" \/>\n<meta property=\"og:title\" content=\"Conservation - Galerie Chevalier\" \/>\n<meta property=\"og:description\" content=\"Les tapisseries doivent \u00eatre nettoy\u00e9es tous les 15 ou 20 ans, selon leur emplacement (environnement trop sec chemin\u00e9e dans la pi\u00e8ce, fumeurs dans la famille, etc\u2026). Il est tr\u00e8s important de r\u00e9hydrater les fibres textiles pour la bonne conservation de l\u2019\u0153uvre. Cela permet \u00e9galement d\u2019\u00e9valuer l\u2019\u00e9tat de la tapisserie et de voir si elle n\u00e9cessite des restaurations d\u2019entretien (coutures de relais ouvertes, quelques faiblesses dans le tissage, \u00e9tat des soies).\" \/>\n<meta property=\"og:url\" content=\"https:\/\/www.galerie-chevalier.com\/en\/restauration\/\" \/>\n<meta property=\"og:site_name\" content=\"Galerie Chevalier\" \/>\n<meta property=\"article:modified_time\" content=\"2021-06-24T09:48:19+00:00\" \/>\n<meta name=\"twitter:card\" content=\"summary_large_image\" \/>\n<script type=\"application\/ld+json\" class=\"yoast-schema-graph\">{\"@context\":\"https:\/\/schema.org\",\"@graph\":[{\"@type\":\"WebPage\",\"@id\":\"https:\/\/www.galerie-chevalier.com\/en\/restauration\/\",\"url\":\"https:\/\/www.galerie-chevalier.com\/en\/restauration\/\",\"name\":\"Conservation - Galerie Chevalier\",\"isPartOf\":{\"@id\":\"https:\/\/www.galerie-chevalier.com\/en\/#website\"},\"datePublished\":\"2021-02-18T16:11:22+00:00\",\"dateModified\":\"2021-06-24T09:48:19+00:00\",\"description\":\"Les tapisseries doivent \u00eatre nettoy\u00e9es tous les 15 ou 20 ans, selon leur emplacement (environnement trop sec chemin\u00e9e dans la pi\u00e8ce, fumeurs dans la famille, etc\u2026). Il est tr\u00e8s important de r\u00e9hydrater les fibres textiles pour la bonne conservation de l\u2019\u0153uvre. Cela permet \u00e9galement d\u2019\u00e9valuer l\u2019\u00e9tat de la tapisserie et de voir si elle n\u00e9cessite des restaurations d\u2019entretien (coutures de relais ouvertes, quelques faiblesses dans le tissage, \u00e9tat des soies).\",\"breadcrumb\":{\"@id\":\"https:\/\/www.galerie-chevalier.com\/en\/restauration\/#breadcrumb\"},\"inLanguage\":\"en-US\",\"potentialAction\":[{\"@type\":\"ReadAction\",\"target\":[\"https:\/\/www.galerie-chevalier.com\/en\/restauration\/\"]}]},{\"@type\":\"BreadcrumbList\",\"@id\":\"https:\/\/www.galerie-chevalier.com\/en\/restauration\/#breadcrumb\",\"itemListElement\":[{\"@type\":\"ListItem\",\"position\":1,\"name\":\"Accueil\",\"item\":\"https:\/\/www.galerie-chevalier.com\/en\/\"},{\"@type\":\"ListItem\",\"position\":2,\"name\":\"Conservation\"}]},{\"@type\":\"WebSite\",\"@id\":\"https:\/\/www.galerie-chevalier.com\/en\/#website\",\"url\":\"https:\/\/www.galerie-chevalier.com\/en\/\",\"name\":\"Galerie Chevalier\",\"description\":\"Un site utilisant WordPress\",\"potentialAction\":[{\"@type\":\"SearchAction\",\"target\":{\"@type\":\"EntryPoint\",\"urlTemplate\":\"https:\/\/www.galerie-chevalier.com\/en\/?s={search_term_string}\"},\"query-input\":{\"@type\":\"PropertyValueSpecification\",\"valueRequired\":true,\"valueName\":\"search_term_string\"}}],\"inLanguage\":\"en-US\"}]}<\/script>\n<!-- \/ Yoast SEO plugin. -->","yoast_head_json":{"title":"Conservation - Galerie Chevalier","description":"Les tapisseries doivent \u00eatre nettoy\u00e9es tous les 15 ou 20 ans, selon leur emplacement (environnement trop sec chemin\u00e9e dans la pi\u00e8ce, fumeurs dans la famille, etc\u2026). Il est tr\u00e8s important de r\u00e9hydrater les fibres textiles pour la bonne conservation de l\u2019\u0153uvre. Cela permet \u00e9galement d\u2019\u00e9valuer l\u2019\u00e9tat de la tapisserie et de voir si elle n\u00e9cessite des restaurations d\u2019entretien (coutures de relais ouvertes, quelques faiblesses dans le tissage, \u00e9tat des soies).","robots":{"index":"index","follow":"follow","max-snippet":"max-snippet:-1","max-image-preview":"max-image-preview:large","max-video-preview":"max-video-preview:-1"},"canonical":"https:\/\/www.galerie-chevalier.com\/en\/restauration\/","og_locale":"en_US","og_type":"article","og_title":"Conservation - Galerie Chevalier","og_description":"Les tapisseries doivent \u00eatre nettoy\u00e9es tous les 15 ou 20 ans, selon leur emplacement (environnement trop sec chemin\u00e9e dans la pi\u00e8ce, fumeurs dans la famille, etc\u2026). Il est tr\u00e8s important de r\u00e9hydrater les fibres textiles pour la bonne conservation de l\u2019\u0153uvre. Cela permet \u00e9galement d\u2019\u00e9valuer l\u2019\u00e9tat de la tapisserie et de voir si elle n\u00e9cessite des restaurations d\u2019entretien (coutures de relais ouvertes, quelques faiblesses dans le tissage, \u00e9tat des soies).","og_url":"https:\/\/www.galerie-chevalier.com\/en\/restauration\/","og_site_name":"Galerie Chevalier","article_modified_time":"2021-06-24T09:48:19+00:00","twitter_card":"summary_large_image","schema":{"@context":"https:\/\/schema.org","@graph":[{"@type":"WebPage","@id":"https:\/\/www.galerie-chevalier.com\/en\/restauration\/","url":"https:\/\/www.galerie-chevalier.com\/en\/restauration\/","name":"Conservation - Galerie Chevalier","isPartOf":{"@id":"https:\/\/www.galerie-chevalier.com\/en\/#website"},"datePublished":"2021-02-18T16:11:22+00:00","dateModified":"2021-06-24T09:48:19+00:00","description":"Les tapisseries doivent \u00eatre nettoy\u00e9es tous les 15 ou 20 ans, selon leur emplacement (environnement trop sec chemin\u00e9e dans la pi\u00e8ce, fumeurs dans la famille, etc\u2026). Il est tr\u00e8s important de r\u00e9hydrater les fibres textiles pour la bonne conservation de l\u2019\u0153uvre. Cela permet \u00e9galement d\u2019\u00e9valuer l\u2019\u00e9tat de la tapisserie et de voir si elle n\u00e9cessite des restaurations d\u2019entretien (coutures de relais ouvertes, quelques faiblesses dans le tissage, \u00e9tat des soies).","breadcrumb":{"@id":"https:\/\/www.galerie-chevalier.com\/en\/restauration\/#breadcrumb"},"inLanguage":"en-US","potentialAction":[{"@type":"ReadAction","target":["https:\/\/www.galerie-chevalier.com\/en\/restauration\/"]}]},{"@type":"BreadcrumbList","@id":"https:\/\/www.galerie-chevalier.com\/en\/restauration\/#breadcrumb","itemListElement":[{"@type":"ListItem","position":1,"name":"Accueil","item":"https:\/\/www.galerie-chevalier.com\/en\/"},{"@type":"ListItem","position":2,"name":"Conservation"}]},{"@type":"WebSite","@id":"https:\/\/www.galerie-chevalier.com\/en\/#website","url":"https:\/\/www.galerie-chevalier.com\/en\/","name":"Galerie Chevalier","description":"Un site utilisant WordPress","potentialAction":[{"@type":"SearchAction","target":{"@type":"EntryPoint","urlTemplate":"https:\/\/www.galerie-chevalier.com\/en\/?s={search_term_string}"},"query-input":{"@type":"PropertyValueSpecification","valueRequired":true,"valueName":"search_term_string"}}],"inLanguage":"en-US"}]}},"_links":{"self":[{"href":"https:\/\/www.galerie-chevalier.com\/en\/wp-json\/wp\/v2\/pages\/2530","targetHints":{"allow":["GET"]}}],"collection":[{"href":"https:\/\/www.galerie-chevalier.com\/en\/wp-json\/wp\/v2\/pages"}],"about":[{"href":"https:\/\/www.galerie-chevalier.com\/en\/wp-json\/wp\/v2\/types\/page"}],"author":[{"embeddable":true,"href":"https:\/\/www.galerie-chevalier.com\/en\/wp-json\/wp\/v2\/users\/1"}],"replies":[{"embeddable":true,"href":"https:\/\/www.galerie-chevalier.com\/en\/wp-json\/wp\/v2\/comments?post=2530"}],"version-history":[{"count":5,"href":"https:\/\/www.galerie-chevalier.com\/en\/wp-json\/wp\/v2\/pages\/2530\/revisions"}],"predecessor-version":[{"id":2824,"href":"https:\/\/www.galerie-chevalier.com\/en\/wp-json\/wp\/v2\/pages\/2530\/revisions\/2824"}],"wp:attachment":[{"href":"https:\/\/www.galerie-chevalier.com\/en\/wp-json\/wp\/v2\/media?parent=2530"}],"curies":[{"name":"wp","href":"https:\/\/api.w.org\/{rel}","templated":true}]}}